{"id":38,"date":"2020-04-06T22:31:58","date_gmt":"2020-04-06T20:31:58","guid":{"rendered":"https:\/\/fred27.fr\/?page_id=38"},"modified":"2020-04-09T21:07:29","modified_gmt":"2020-04-09T19:07:29","slug":"boite-a-rien","status":"publish","type":"page","link":"https:\/\/fred27.fr\/index.php\/ca-bouge\/boite-a-rien\/","title":{"rendered":"Bo\u00eete \u00e0 rien"},"content":{"rendered":"\n<p>Une bo\u00eete, un interrupteur&#8230;<br>\u00c7a ne sert \u00e0 rien.<br>Mais on passe un peu de temps \u00e0 la regarder remettre l&rsquo;interrupteur dans sa position initiale.<\/p>\n\n\n\n<figure class=\"wp-block-video\"><video height=\"406\" style=\"aspect-ratio: 720 \/ 406;\" width=\"720\" controls muted poster=\"https:\/\/fred27.fr\/wp-content\/uploads\/2020\/04\/IMG_0511-scaled.jpg\" src=\"https:\/\/fred27.fr\/wp-content\/uploads\/2020\/04\/Boite_a_rien.mp4\"><\/video><\/figure>\n\n\n\n<p>La construction est un peu sommaire, le mat\u00e9riaux utilis\u00e9 n&rsquo;est pas terrible, mais c&rsquo;\u00e9tait ce que j&rsquo;avais sous la main.<\/p>\n\n\n\n<p>Pour les curieux : A l&rsquo;int\u00e9rieur, il y a un peu d&rsquo;\u00e9lectronique pour piloter 2 servos, l&rsquo;un qui ouvre le couvercle et l&rsquo;autre actionne l&rsquo;interrupteur.<\/p>\n\n\n\n<p>J&rsquo;ai d\u00e9couvert ce projet en parcourant internet, cherchant des infos sur la carte Arduino et le microprocesseur ATMEGA328P. <br><a rel=\"noreferrer noopener\" href=\"http:\/\/www.lamja.com\/?p=451\" target=\"_blank\">Moody Useless Machine<\/a><\/p>\n\n\n\n<p><br><br><div class=\"menu-menu_bouge-container\"><ul id=\"short_menu_69ec8e2e88910\" class=\"shortcode_menu  wpsm-menu wpsm-vertical menu_enhance  \"><li id=\"menu-item-202\" class=\"menu-item menu-item-type-post_type menu-item-object-page menu-item-202\"><a href=\"https:\/\/fred27.fr\/index.php\/ca-bouge\/boite-a-rien\/\">Bo\u00eete \u00e0 rien<\/a><\/li>\n<li id=\"menu-item-203\" class=\"menu-item menu-item-type-post_type menu-item-object-page menu-item-203\"><a href=\"https:\/\/fred27.fr\/index.php\/ca-bouge\/spacetime-continuum\/\">SpaceTime Continuum<\/a><\/li>\n<li id=\"menu-item-204\" class=\"menu-item menu-item-type-post_type menu-item-object-page menu-item-204\"><a href=\"https:\/\/fred27.fr\/index.php\/ca-bouge\/aurora\/\">Aurora<\/a><\/li>\n<li id=\"menu-item-294\" class=\"menu-item menu-item-type-post_type menu-item-object-page menu-item-294\"><a href=\"https:\/\/fred27.fr\/index.php\/esprit\/\">Esprit<\/a><\/li>\n<\/ul><\/div><div class=\"clear\"><\/div>\n\t\t\t<style>\n\t\t\t\t#short_menu_69ec8e2e88910 {  }\n\t\t\t\t#short_menu_69ec8e2e88910 ul.wpsm-arrow-enabled:before { color:rgba(0,0,0,0.8); } \n\t\t\t\t#short_menu_69ec8e2e88910 ul, #short_menu_69ec8e2e88910 ul ul { background: rgba(0,0,0,0.8); }\n\t\t\t\t#short_menu_69ec8e2e88910 a {  }\n\t\t\t\t#short_menu_69ec8e2e88910 a:hover {  }\n\t\t\t\t#short_menu_69ec8e2e88910 ul a { color:#e0e0e0;  }\n\t\t\t\t#short_menu_69ec8e2e88910 ul a:hover { color:#ffffff;  }\n\t\t\t\t\n\t\t\t<\/style>\n\t\t\t<script type=\"text\/javascript\">\n\t\t\t\tvar show_arrow = \"true\";<\/script><\/p>\n","protected":false},"excerpt":{"rendered":"<p>Une bo\u00eete, un interrupteur&#8230;\u00c7a ne sert \u00e0 rien.Mais on passe un peu de temps \u00e0 la regarder remettre l&rsquo;interrupteur dans sa position initiale. La construction est un peu sommaire, le mat\u00e9riaux utilis\u00e9 n&rsquo;est pas terrible, mais c&rsquo;\u00e9tait ce que j&rsquo;avais sous la main. Pour les curieux : A l&rsquo;int\u00e9rieur, il y a un peu d&rsquo;\u00e9lectronique [&hellip;]<\/p>\n","protected":false},"author":8,"featured_media":0,"parent":97,"menu_order":0,"comment_status":"closed","ping_status":"closed","template":"","meta":{"footnotes":""},"class_list":["post-38","page","type-page","status-publish","hentry"],"_links":{"self":[{"href":"https:\/\/fred27.fr\/index.php\/wp-json\/wp\/v2\/pages\/38","targetHints":{"allow":["GET"]}}],"collection":[{"href":"https:\/\/fred27.fr\/index.php\/wp-json\/wp\/v2\/pages"}],"about":[{"href":"https:\/\/fred27.fr\/index.php\/wp-json\/wp\/v2\/types\/page"}],"author":[{"embeddable":true,"href":"https:\/\/fred27.fr\/index.php\/wp-json\/wp\/v2\/users\/8"}],"replies":[{"embeddable":true,"href":"https:\/\/fred27.fr\/index.php\/wp-json\/wp\/v2\/comments?post=38"}],"version-history":[{"count":8,"href":"https:\/\/fred27.fr\/index.php\/wp-json\/wp\/v2\/pages\/38\/revisions"}],"predecessor-version":[{"id":242,"href":"https:\/\/fred27.fr\/index.php\/wp-json\/wp\/v2\/pages\/38\/revisions\/242"}],"up":[{"embeddable":true,"href":"https:\/\/fred27.fr\/index.php\/wp-json\/wp\/v2\/pages\/97"}],"wp:attachment":[{"href":"https:\/\/fred27.fr\/index.php\/wp-json\/wp\/v2\/media?parent=38"}],"curies":[{"name":"wp","href":"https:\/\/api.w.org\/{rel}","templated":true}]}}