{"id":281,"date":"2021-03-17T19:15:35","date_gmt":"2021-03-17T18:15:35","guid":{"rendered":"https:\/\/fred27.fr\/?page_id=281"},"modified":"2021-03-17T20:08:21","modified_gmt":"2021-03-17T19:08:21","slug":"esprit","status":"publish","type":"page","link":"https:\/\/fred27.fr\/index.php\/esprit\/","title":{"rendered":"Esprit"},"content":{"rendered":"\n<p>M\u00e9canisme et motif diff\u00e9rent, \u00e0 la recherche de plus de fluidit\u00e9 et de r\u00e9gularit\u00e9.<br>L&rsquo;entretien du mouvement est assur\u00e9 par un ressort, enroul\u00e9 sur une trentaine de tours.<\/p>\n\n\n\n<figure class=\"wp-block-video\"><video height=\"1200\" style=\"aspect-ratio: 1080 \/ 1200;\" width=\"1080\" controls poster=\"https:\/\/fred27.fr\/wp-content\/uploads\/2021\/03\/Esprit_800x600.jpg\" src=\"https:\/\/fred27.fr\/wp-content\/uploads\/2021\/03\/Esprit_draft.mov\"><\/video><\/figure>\n\n\n\n<p>Le m\u00e9canisme de Esprit est bas\u00e9 sur celui de Aurora et de recherche internet ( Spirit par David C. Roy )<\/p>\n\n\n\n<p><br><br><div class=\"menu-menu_bouge-container\"><ul id=\"short_menu_69ec7950a11c9\" class=\"shortcode_menu  wpsm-menu wpsm-vertical menu_enhance  \"><li id=\"menu-item-202\" class=\"menu-item menu-item-type-post_type menu-item-object-page menu-item-202\"><a href=\"https:\/\/fred27.fr\/index.php\/ca-bouge\/boite-a-rien\/\">Bo\u00eete \u00e0 rien<\/a><\/li>\n<li id=\"menu-item-203\" class=\"menu-item menu-item-type-post_type menu-item-object-page menu-item-203\"><a href=\"https:\/\/fred27.fr\/index.php\/ca-bouge\/spacetime-continuum\/\">SpaceTime Continuum<\/a><\/li>\n<li id=\"menu-item-204\" class=\"menu-item menu-item-type-post_type menu-item-object-page menu-item-204\"><a href=\"https:\/\/fred27.fr\/index.php\/ca-bouge\/aurora\/\">Aurora<\/a><\/li>\n<li id=\"menu-item-294\" class=\"menu-item menu-item-type-post_type menu-item-object-page menu-item-294\"><a href=\"https:\/\/fred27.fr\/index.php\/esprit\/\">Esprit<\/a><\/li>\n<\/ul><\/div><div class=\"clear\"><\/div>\n\t\t\t<style>\n\t\t\t\t#short_menu_69ec7950a11c9 {  }\n\t\t\t\t#short_menu_69ec7950a11c9 ul.wpsm-arrow-enabled:before { color:rgba(0,0,0,0.8); } \n\t\t\t\t#short_menu_69ec7950a11c9 ul, #short_menu_69ec7950a11c9 ul ul { background: rgba(0,0,0,0.8); }\n\t\t\t\t#short_menu_69ec7950a11c9 a {  }\n\t\t\t\t#short_menu_69ec7950a11c9 a:hover {  }\n\t\t\t\t#short_menu_69ec7950a11c9 ul a { color:#e0e0e0;  }\n\t\t\t\t#short_menu_69ec7950a11c9 ul a:hover { color:#ffffff;  }\n\t\t\t\t\n\t\t\t<\/style>\n\t\t\t<script type=\"text\/javascript\">\n\t\t\t\tvar show_arrow = \"true\";<\/script><\/p>\n","protected":false},"excerpt":{"rendered":"<p>M\u00e9canisme et motif diff\u00e9rent, \u00e0 la recherche de plus de fluidit\u00e9 et de r\u00e9gularit\u00e9.L&rsquo;entretien du mouvement est assur\u00e9 par un ressort, enroul\u00e9 sur une trentaine de tours. Le m\u00e9canisme de Esprit est bas\u00e9 sur celui de Aurora et de recherche internet ( Spirit par David C. Roy )<\/p>\n","protected":false},"author":8,"featured_media":0,"parent":0,"menu_order":0,"comment_status":"closed","ping_status":"closed","template":"","meta":{"footnotes":""},"class_list":["post-281","page","type-page","status-publish","hentry"],"_links":{"self":[{"href":"https:\/\/fred27.fr\/index.php\/wp-json\/wp\/v2\/pages\/281","targetHints":{"allow":["GET"]}}],"collection":[{"href":"https:\/\/fred27.fr\/index.php\/wp-json\/wp\/v2\/pages"}],"about":[{"href":"https:\/\/fred27.fr\/index.php\/wp-json\/wp\/v2\/types\/page"}],"author":[{"embeddable":true,"href":"https:\/\/fred27.fr\/index.php\/wp-json\/wp\/v2\/users\/8"}],"replies":[{"embeddable":true,"href":"https:\/\/fred27.fr\/index.php\/wp-json\/wp\/v2\/comments?post=281"}],"version-history":[{"count":7,"href":"https:\/\/fred27.fr\/index.php\/wp-json\/wp\/v2\/pages\/281\/revisions"}],"predecessor-version":[{"id":295,"href":"https:\/\/fred27.fr\/index.php\/wp-json\/wp\/v2\/pages\/281\/revisions\/295"}],"wp:attachment":[{"href":"https:\/\/fred27.fr\/index.php\/wp-json\/wp\/v2\/media?parent=281"}],"curies":[{"name":"wp","href":"https:\/\/api.w.org\/{rel}","templated":true}]}}