{"id":26,"date":"2020-04-06T22:30:22","date_gmt":"2020-04-06T20:30:22","guid":{"rendered":"https:\/\/fred27.fr\/?page_id=26"},"modified":"2020-04-09T20:41:20","modified_gmt":"2020-04-09T18:41:20","slug":"pots-a-crayons","status":"publish","type":"page","link":"https:\/\/fred27.fr\/index.php\/pots-et-boites\/pots-a-crayons\/","title":{"rendered":"Pots \u00e0 crayons"},"content":{"rendered":"\n<p>Le pot \u00e0 crayons cylindrique a \u00e9t\u00e9 l&rsquo;occasion de mettre au point la technique de fabrication.<br>Une planche de ch\u00eane, un peu de d\u00e9coupe, du collage, et un petit coup de vernis.<\/p>\n\n\n\n<figure class=\"wp-block-gallery columns-2 is-cropped wp-block-gallery-1 is-layout-flex wp-block-gallery-is-layout-flex\"><ul class=\"blocks-gallery-grid\"><li class=\"blocks-gallery-item\"><figure><img loading=\"lazy\" decoding=\"async\" width=\"770\" height=\"1024\" src=\"https:\/\/fred27.fr\/wp-content\/uploads\/2020\/04\/IMG_0509_r.jpg\" alt=\"\" data-id=\"157\" data-full-url=\"https:\/\/fred27.fr\/wp-content\/uploads\/2020\/04\/IMG_0509_r.jpg\" data-link=\"https:\/\/fred27.fr\/img_0509_r\/\" class=\"wp-image-157\" srcset=\"https:\/\/fred27.fr\/wp-content\/uploads\/2020\/04\/IMG_0509_r.jpg 770w, https:\/\/fred27.fr\/wp-content\/uploads\/2020\/04\/IMG_0509_r-226x300.jpg 226w, https:\/\/fred27.fr\/wp-content\/uploads\/2020\/04\/IMG_0509_r-768x1021.jpg 768w\" sizes=\"auto, (max-width: 770px) 100vw, 770px\" \/><\/figure><\/li><li class=\"blocks-gallery-item\"><figure><img loading=\"lazy\" decoding=\"async\" width=\"746\" height=\"1024\" src=\"https:\/\/fred27.fr\/wp-content\/uploads\/2020\/04\/IMG_0506_r.jpg\" alt=\"\" data-id=\"151\" data-full-url=\"https:\/\/fred27.fr\/wp-content\/uploads\/2020\/04\/IMG_0506_r.jpg\" data-link=\"https:\/\/fred27.fr\/img_0506_r\/\" class=\"wp-image-151\" srcset=\"https:\/\/fred27.fr\/wp-content\/uploads\/2020\/04\/IMG_0506_r.jpg 746w, https:\/\/fred27.fr\/wp-content\/uploads\/2020\/04\/IMG_0506_r-219x300.jpg 219w\" sizes=\"auto, (max-width: 746px) 100vw, 746px\" \/><\/figure><\/li><\/ul><\/figure>\n\n\n\n<p><br>Une variante avec alv\u00e9oles.<\/p>\n\n\n\n<figure class=\"wp-block-image size-large\"><img loading=\"lazy\" decoding=\"async\" width=\"540\" height=\"720\" src=\"https:\/\/fred27.fr\/wp-content\/uploads\/2020\/04\/IMG_3038-Copie.jpg\" alt=\"\" class=\"wp-image-46\" srcset=\"https:\/\/fred27.fr\/wp-content\/uploads\/2020\/04\/IMG_3038-Copie.jpg 540w, https:\/\/fred27.fr\/wp-content\/uploads\/2020\/04\/IMG_3038-Copie-225x300.jpg 225w\" sizes=\"auto, (max-width: 540px) 100vw, 540px\" \/><\/figure>\n\n\n\n<p><br><br><div class=\"menu-menu_boites-container\"><ul id=\"short_menu_69ec8e6c4c46e\" class=\"shortcode_menu  wpsm-menu wpsm-vertical menu_enhance  \"><li id=\"menu-item-201\" class=\"menu-item menu-item-type-post_type menu-item-object-page menu-item-201\"><a href=\"https:\/\/fred27.fr\/index.php\/pots-et-boites\/pots-a-crayons\/\">Pots \u00e0 crayons<\/a><\/li>\n<li id=\"menu-item-198\" class=\"menu-item menu-item-type-post_type menu-item-object-page menu-item-198\"><a href=\"https:\/\/fred27.fr\/index.php\/pots-et-boites\/boite-a-bijoux\/\">Bo\u00eete \u00e0 bijoux<\/a><\/li>\n<li id=\"menu-item-199\" class=\"menu-item menu-item-type-post_type menu-item-object-page menu-item-199\"><a href=\"https:\/\/fred27.fr\/index.php\/pots-et-boites\/pot-a-cases\/\">Pot \u00e0 cases<\/a><\/li>\n<li id=\"menu-item-200\" class=\"menu-item menu-item-type-post_type menu-item-object-page menu-item-200\"><a href=\"https:\/\/fred27.fr\/index.php\/pots-et-boites\/pot-hexagone\/\">Pot hexagone<\/a><\/li>\n<\/ul><\/div><div class=\"clear\"><\/div>\n\t\t\t<style>\n\t\t\t\t#short_menu_69ec8e6c4c46e {  }\n\t\t\t\t#short_menu_69ec8e6c4c46e ul.wpsm-arrow-enabled:before { color:rgba(0,0,0,0.8); } \n\t\t\t\t#short_menu_69ec8e6c4c46e ul, #short_menu_69ec8e6c4c46e ul ul { background: rgba(0,0,0,0.8); }\n\t\t\t\t#short_menu_69ec8e6c4c46e a {  }\n\t\t\t\t#short_menu_69ec8e6c4c46e a:hover {  }\n\t\t\t\t#short_menu_69ec8e6c4c46e ul a { color:#e0e0e0;  }\n\t\t\t\t#short_menu_69ec8e6c4c46e ul a:hover { color:#ffffff;  }\n\t\t\t\t\n\t\t\t<\/style>\n\t\t\t<script type=\"text\/javascript\">\n\t\t\t\tvar show_arrow = \"true\";<\/script><\/p>\n","protected":false},"excerpt":{"rendered":"<p>Le pot \u00e0 crayons cylindrique a \u00e9t\u00e9 l&rsquo;occasion de mettre au point la technique de fabrication.Une planche de ch\u00eane, un peu de d\u00e9coupe, du collage, et un petit coup de vernis. Une variante avec alv\u00e9oles.<\/p>\n","protected":false},"author":8,"featured_media":0,"parent":99,"menu_order":0,"comment_status":"closed","ping_status":"closed","template":"","meta":{"footnotes":""},"class_list":["post-26","page","type-page","status-publish","hentry"],"_links":{"self":[{"href":"https:\/\/fred27.fr\/index.php\/wp-json\/wp\/v2\/pages\/26","targetHints":{"allow":["GET"]}}],"collection":[{"href":"https:\/\/fred27.fr\/index.php\/wp-json\/wp\/v2\/pages"}],"about":[{"href":"https:\/\/fred27.fr\/index.php\/wp-json\/wp\/v2\/types\/page"}],"author":[{"embeddable":true,"href":"https:\/\/fred27.fr\/index.php\/wp-json\/wp\/v2\/users\/8"}],"replies":[{"embeddable":true,"href":"https:\/\/fred27.fr\/index.php\/wp-json\/wp\/v2\/comments?post=26"}],"version-history":[{"count":6,"href":"https:\/\/fred27.fr\/index.php\/wp-json\/wp\/v2\/pages\/26\/revisions"}],"predecessor-version":[{"id":232,"href":"https:\/\/fred27.fr\/index.php\/wp-json\/wp\/v2\/pages\/26\/revisions\/232"}],"up":[{"embeddable":true,"href":"https:\/\/fred27.fr\/index.php\/wp-json\/wp\/v2\/pages\/99"}],"wp:attachment":[{"href":"https:\/\/fred27.fr\/index.php\/wp-json\/wp\/v2\/media?parent=26"}],"curies":[{"name":"wp","href":"https:\/\/api.w.org\/{rel}","templated":true}]}}