{"id":17,"date":"2020-04-06T22:29:21","date_gmt":"2020-04-06T20:29:21","guid":{"rendered":"https:\/\/fred27.fr\/?page_id=17"},"modified":"2020-04-09T21:25:27","modified_gmt":"2020-04-09T19:25:27","slug":"lustre-bouquet","status":"publish","type":"page","link":"https:\/\/fred27.fr\/index.php\/lampes\/lustre-bouquet\/","title":{"rendered":"Lustre bouquet"},"content":{"rendered":"\n<p>J&rsquo;\u00e9tais d\u00e9s\u0153uvr\u00e9, en qu\u00eate d&rsquo;un projet. Donc je demande \u00e0 ma fille : \u00ab\u00a0Julie, tu n&rsquo;a pas une id\u00e9e de ce que je pourrais fabriquer ?\u00a0\u00bb<br>&#8211; Ben&#8230; Si.  J&rsquo;ai besoin d&rsquo;une lampe.<br><\/p>\n\n\n\n<p>Et c&rsquo;est parti. Un peu de recherche sur Pinterest, et on trouve un mod\u00e8le qui plait. Il n&rsquo;y a plus qu&rsquo;\u00e0 s&rsquo;en inspirer, ou \u00e0 chercher \u00e0 reproduire.<\/p>\n\n\n\n<figure class=\"wp-block-image size-medium is-style-default\"><img loading=\"lazy\" decoding=\"async\" width=\"225\" height=\"300\" src=\"https:\/\/fred27.fr\/wp-content\/uploads\/2020\/04\/IMG_3100-Copie-225x300.jpg\" alt=\"\" class=\"wp-image-49\" srcset=\"https:\/\/fred27.fr\/wp-content\/uploads\/2020\/04\/IMG_3100-Copie-225x300.jpg 225w, https:\/\/fred27.fr\/wp-content\/uploads\/2020\/04\/IMG_3100-Copie-768x1024.jpg 768w, https:\/\/fred27.fr\/wp-content\/uploads\/2020\/04\/IMG_3100-Copie.jpg 960w\" sizes=\"auto, (max-width: 225px) 100vw, 225px\" \/><figcaption>Le mod\u00e8le trouv\u00e9 sur internet<\/figcaption><\/figure>\n\n\n\n<figure class=\"wp-block-gallery columns-3 is-cropped wp-block-gallery-1 is-layout-flex wp-block-gallery-is-layout-flex\"><ul class=\"blocks-gallery-grid\"><li class=\"blocks-gallery-item\"><figure><img loading=\"lazy\" decoding=\"async\" width=\"1024\" height=\"768\" src=\"https:\/\/fred27.fr\/wp-content\/uploads\/2020\/04\/IMG_2279-Copie-1024x768.jpg\" alt=\"\" data-id=\"42\" data-full-url=\"https:\/\/fred27.fr\/wp-content\/uploads\/2020\/04\/IMG_2279-Copie.jpg\" data-link=\"https:\/\/fred27.fr\/img_2279-copie\/\" class=\"wp-image-42\" srcset=\"https:\/\/fred27.fr\/wp-content\/uploads\/2020\/04\/IMG_2279-Copie-1024x768.jpg 1024w, https:\/\/fred27.fr\/wp-content\/uploads\/2020\/04\/IMG_2279-Copie-300x225.jpg 300w, https:\/\/fred27.fr\/wp-content\/uploads\/2020\/04\/IMG_2279-Copie-768x576.jpg 768w, https:\/\/fred27.fr\/wp-content\/uploads\/2020\/04\/IMG_2279-Copie-1568x1176.jpg 1568w\" sizes=\"auto, (max-width: 1024px) 100vw, 1024px\" \/><\/figure><\/li><li class=\"blocks-gallery-item\"><figure><img loading=\"lazy\" decoding=\"async\" width=\"1024\" height=\"768\" src=\"https:\/\/fred27.fr\/wp-content\/uploads\/2020\/04\/IMG_2276-Copie-1024x768.jpg\" alt=\"\" data-id=\"41\" data-full-url=\"https:\/\/fred27.fr\/wp-content\/uploads\/2020\/04\/IMG_2276-Copie.jpg\" data-link=\"https:\/\/fred27.fr\/img_2276-copie\/\" class=\"wp-image-41\" srcset=\"https:\/\/fred27.fr\/wp-content\/uploads\/2020\/04\/IMG_2276-Copie-1024x768.jpg 1024w, https:\/\/fred27.fr\/wp-content\/uploads\/2020\/04\/IMG_2276-Copie-300x225.jpg 300w, https:\/\/fred27.fr\/wp-content\/uploads\/2020\/04\/IMG_2276-Copie-768x576.jpg 768w, https:\/\/fred27.fr\/wp-content\/uploads\/2020\/04\/IMG_2276-Copie-1568x1176.jpg 1568w\" sizes=\"auto, (max-width: 1024px) 100vw, 1024px\" \/><\/figure><\/li><li class=\"blocks-gallery-item\"><figure><img loading=\"lazy\" decoding=\"async\" width=\"1024\" height=\"768\" src=\"https:\/\/fred27.fr\/wp-content\/uploads\/2020\/04\/IMG_3429-1024x768.jpg\" alt=\"\" data-id=\"66\" data-full-url=\"https:\/\/fred27.fr\/wp-content\/uploads\/2020\/04\/IMG_3429.jpg\" data-link=\"https:\/\/fred27.fr\/img_3429\/\" class=\"wp-image-66\" srcset=\"https:\/\/fred27.fr\/wp-content\/uploads\/2020\/04\/IMG_3429-1024x768.jpg 1024w, https:\/\/fred27.fr\/wp-content\/uploads\/2020\/04\/IMG_3429-300x225.jpg 300w, https:\/\/fred27.fr\/wp-content\/uploads\/2020\/04\/IMG_3429-768x576.jpg 768w, https:\/\/fred27.fr\/wp-content\/uploads\/2020\/04\/IMG_3429-1568x1176.jpg 1568w\" sizes=\"auto, (max-width: 1024px) 100vw, 1024px\" \/><\/figure><\/li><li class=\"blocks-gallery-item\"><figure><img loading=\"lazy\" decoding=\"async\" width=\"1024\" height=\"768\" src=\"https:\/\/fred27.fr\/wp-content\/uploads\/2020\/04\/IMG_3428-1024x768.jpg\" alt=\"\" data-id=\"65\" data-full-url=\"https:\/\/fred27.fr\/wp-content\/uploads\/2020\/04\/IMG_3428.jpg\" data-link=\"https:\/\/fred27.fr\/img_3428\/\" class=\"wp-image-65\" srcset=\"https:\/\/fred27.fr\/wp-content\/uploads\/2020\/04\/IMG_3428-1024x768.jpg 1024w, https:\/\/fred27.fr\/wp-content\/uploads\/2020\/04\/IMG_3428-300x225.jpg 300w, https:\/\/fred27.fr\/wp-content\/uploads\/2020\/04\/IMG_3428-768x576.jpg 768w, https:\/\/fred27.fr\/wp-content\/uploads\/2020\/04\/IMG_3428-1568x1176.jpg 1568w\" sizes=\"auto, (max-width: 1024px) 100vw, 1024px\" \/><\/figure><\/li><\/ul><figcaption class=\"blocks-gallery-caption\">Et voil\u00e0 le r\u00e9sultat !<br><br><\/figcaption><\/figure>\n\n\n\n<figure class=\"wp-block-gallery columns-3 is-cropped wp-block-gallery-2 is-layout-flex wp-block-gallery-is-layout-flex\"><ul class=\"blocks-gallery-grid\"><li class=\"blocks-gallery-item\"><figure><img loading=\"lazy\" decoding=\"async\" width=\"1024\" height=\"768\" src=\"https:\/\/fred27.fr\/wp-content\/uploads\/2020\/04\/IMG_3160-Copie-1024x768.jpg\" alt=\"\" data-id=\"50\" data-full-url=\"https:\/\/fred27.fr\/wp-content\/uploads\/2020\/04\/IMG_3160-Copie.jpg\" data-link=\"https:\/\/fred27.fr\/img_3160-copie\/\" class=\"wp-image-50\" srcset=\"https:\/\/fred27.fr\/wp-content\/uploads\/2020\/04\/IMG_3160-Copie-1024x768.jpg 1024w, https:\/\/fred27.fr\/wp-content\/uploads\/2020\/04\/IMG_3160-Copie-300x225.jpg 300w, https:\/\/fred27.fr\/wp-content\/uploads\/2020\/04\/IMG_3160-Copie-768x576.jpg 768w, https:\/\/fred27.fr\/wp-content\/uploads\/2020\/04\/IMG_3160-Copie-1568x1176.jpg 1568w\" sizes=\"auto, (max-width: 1024px) 100vw, 1024px\" \/><\/figure><\/li><li class=\"blocks-gallery-item\"><figure><img loading=\"lazy\" decoding=\"async\" width=\"1024\" height=\"768\" src=\"https:\/\/fred27.fr\/wp-content\/uploads\/2020\/04\/IMG_3161-Copie-1024x768.jpg\" alt=\"\" data-id=\"51\" data-full-url=\"https:\/\/fred27.fr\/wp-content\/uploads\/2020\/04\/IMG_3161-Copie.jpg\" data-link=\"https:\/\/fred27.fr\/img_3161-copie\/\" class=\"wp-image-51\" srcset=\"https:\/\/fred27.fr\/wp-content\/uploads\/2020\/04\/IMG_3161-Copie-1024x768.jpg 1024w, https:\/\/fred27.fr\/wp-content\/uploads\/2020\/04\/IMG_3161-Copie-300x225.jpg 300w, https:\/\/fred27.fr\/wp-content\/uploads\/2020\/04\/IMG_3161-Copie-768x576.jpg 768w, https:\/\/fred27.fr\/wp-content\/uploads\/2020\/04\/IMG_3161-Copie-1568x1176.jpg 1568w\" sizes=\"auto, (max-width: 1024px) 100vw, 1024px\" \/><\/figure><\/li><li class=\"blocks-gallery-item\"><figure><img loading=\"lazy\" decoding=\"async\" width=\"1024\" height=\"768\" src=\"https:\/\/fred27.fr\/wp-content\/uploads\/2020\/04\/IMG_3193-1024x768.jpg\" alt=\"\" data-id=\"52\" data-full-url=\"https:\/\/fred27.fr\/wp-content\/uploads\/2020\/04\/IMG_3193.jpg\" data-link=\"https:\/\/fred27.fr\/img_3193\/\" class=\"wp-image-52\" srcset=\"https:\/\/fred27.fr\/wp-content\/uploads\/2020\/04\/IMG_3193-1024x768.jpg 1024w, https:\/\/fred27.fr\/wp-content\/uploads\/2020\/04\/IMG_3193-300x225.jpg 300w, https:\/\/fred27.fr\/wp-content\/uploads\/2020\/04\/IMG_3193-768x576.jpg 768w, https:\/\/fred27.fr\/wp-content\/uploads\/2020\/04\/IMG_3193-1568x1176.jpg 1568w\" sizes=\"auto, (max-width: 1024px) 100vw, 1024px\" \/><\/figure><\/li><li class=\"blocks-gallery-item\"><figure><img loading=\"lazy\" decoding=\"async\" width=\"1024\" height=\"768\" src=\"https:\/\/fred27.fr\/wp-content\/uploads\/2020\/04\/IMG_3195-1024x768.jpg\" alt=\"\" data-id=\"40\" data-full-url=\"https:\/\/fred27.fr\/wp-content\/uploads\/2020\/04\/IMG_3195.jpg\" data-link=\"https:\/\/fred27.fr\/img_3195\/\" class=\"wp-image-40\" srcset=\"https:\/\/fred27.fr\/wp-content\/uploads\/2020\/04\/IMG_3195-1024x768.jpg 1024w, https:\/\/fred27.fr\/wp-content\/uploads\/2020\/04\/IMG_3195-300x225.jpg 300w, https:\/\/fred27.fr\/wp-content\/uploads\/2020\/04\/IMG_3195-768x576.jpg 768w, https:\/\/fred27.fr\/wp-content\/uploads\/2020\/04\/IMG_3195-1568x1176.jpg 1568w\" sizes=\"auto, (max-width: 1024px) 100vw, 1024px\" \/><\/figure><\/li><\/ul><figcaption class=\"blocks-gallery-caption\">Quelques \u00e9tapes de fabrication<\/figcaption><\/figure>\n\n\n\n<p><br><br><div class=\"menu-menu_lampes-container\"><ul id=\"short_menu_69ec930c0a9fb\" class=\"shortcode_menu  wpsm-menu wpsm-vertical menu_enhance  \"><li id=\"menu-item-193\" class=\"menu-item menu-item-type-post_type menu-item-object-page menu-item-193\"><a href=\"https:\/\/fred27.fr\/index.php\/lampes\/lampe-vero\/\">Lampe V\u00e9ro<\/a><\/li>\n<li id=\"menu-item-190\" class=\"menu-item menu-item-type-post_type menu-item-object-page menu-item-190\"><a href=\"https:\/\/fred27.fr\/index.php\/lampes\/lampe-thomas\/\">Lampe Thomas<\/a><\/li>\n<li id=\"menu-item-192\" class=\"menu-item menu-item-type-post_type menu-item-object-page menu-item-192\"><a href=\"https:\/\/fred27.fr\/index.php\/lampes\/lustre-bouquet\/\">Lustre bouquet<\/a><\/li>\n<li id=\"menu-item-191\" class=\"menu-item menu-item-type-post_type menu-item-object-page menu-item-191\"><a href=\"https:\/\/fred27.fr\/index.php\/lampes\/lustre-sylvie\/\">Lustre Sylvie<\/a><\/li>\n<li id=\"menu-item-189\" class=\"menu-item menu-item-type-post_type menu-item-object-page menu-item-189\"><a href=\"https:\/\/fred27.fr\/index.php\/lampes\/lustre-coussin\/\">Lustre Coussin<\/a><\/li>\n<li id=\"menu-item-273\" class=\"menu-item menu-item-type-post_type menu-item-object-page menu-item-273\"><a href=\"https:\/\/fred27.fr\/index.php\/lampes\/applique-thomas\/\">Applique Thomas<\/a><\/li>\n<\/ul><\/div><div class=\"clear\"><\/div>\n\t\t\t<style>\n\t\t\t\t#short_menu_69ec930c0a9fb {  }\n\t\t\t\t#short_menu_69ec930c0a9fb ul.wpsm-arrow-enabled:before { color:rgba(0,0,0,0.8); } \n\t\t\t\t#short_menu_69ec930c0a9fb ul, #short_menu_69ec930c0a9fb ul ul { background: rgba(0,0,0,0.8); }\n\t\t\t\t#short_menu_69ec930c0a9fb a {  }\n\t\t\t\t#short_menu_69ec930c0a9fb a:hover {  }\n\t\t\t\t#short_menu_69ec930c0a9fb ul a { color:#e0e0e0;  }\n\t\t\t\t#short_menu_69ec930c0a9fb ul a:hover { color:#ffffff;  }\n\t\t\t\t\n\t\t\t<\/style>\n\t\t\t<script type=\"text\/javascript\">\n\t\t\t\tvar show_arrow = \"true\";<\/script><\/p>\n","protected":false},"excerpt":{"rendered":"<p>J&rsquo;\u00e9tais d\u00e9s\u0153uvr\u00e9, en qu\u00eate d&rsquo;un projet. Donc je demande \u00e0 ma fille : \u00ab\u00a0Julie, tu n&rsquo;a pas une id\u00e9e de ce que je pourrais fabriquer ?\u00a0\u00bb&#8211; Ben&#8230; Si. J&rsquo;ai besoin d&rsquo;une lampe. Et c&rsquo;est parti. Un peu de recherche sur Pinterest, et on trouve un mod\u00e8le qui plait. Il n&rsquo;y a plus qu&rsquo;\u00e0 s&rsquo;en inspirer, [&hellip;]<\/p>\n","protected":false},"author":8,"featured_media":0,"parent":101,"menu_order":0,"comment_status":"closed","ping_status":"closed","template":"","meta":{"footnotes":""},"class_list":["post-17","page","type-page","status-publish","hentry"],"_links":{"self":[{"href":"https:\/\/fred27.fr\/index.php\/wp-json\/wp\/v2\/pages\/17","targetHints":{"allow":["GET"]}}],"collection":[{"href":"https:\/\/fred27.fr\/index.php\/wp-json\/wp\/v2\/pages"}],"about":[{"href":"https:\/\/fred27.fr\/index.php\/wp-json\/wp\/v2\/types\/page"}],"author":[{"embeddable":true,"href":"https:\/\/fred27.fr\/index.php\/wp-json\/wp\/v2\/users\/8"}],"replies":[{"embeddable":true,"href":"https:\/\/fred27.fr\/index.php\/wp-json\/wp\/v2\/comments?post=17"}],"version-history":[{"count":7,"href":"https:\/\/fred27.fr\/index.php\/wp-json\/wp\/v2\/pages\/17\/revisions"}],"predecessor-version":[{"id":243,"href":"https:\/\/fred27.fr\/index.php\/wp-json\/wp\/v2\/pages\/17\/revisions\/243"}],"up":[{"embeddable":true,"href":"https:\/\/fred27.fr\/index.php\/wp-json\/wp\/v2\/pages\/101"}],"wp:attachment":[{"href":"https:\/\/fred27.fr\/index.php\/wp-json\/wp\/v2\/media?parent=17"}],"curies":[{"name":"wp","href":"https:\/\/api.w.org\/{rel}","templated":true}]}}