{"id":101,"date":"2020-04-07T18:57:01","date_gmt":"2020-04-07T16:57:01","guid":{"rendered":"https:\/\/fred27.fr\/?page_id=101"},"modified":"2020-04-09T20:35:37","modified_gmt":"2020-04-09T18:35:37","slug":"lampes","status":"publish","type":"page","link":"https:\/\/fred27.fr\/index.php\/lampes\/","title":{"rendered":"Lampes"},"content":{"rendered":"\n<p>Quelques lampes cr\u00e9\u00e9es pour r\u00e9pondre \u00e0 une envie de faire, une commande d&rsquo;amie, ou un besoin d&rsquo;\u00e9clairage !<\/p>\n\n\n\n<div class=\"menu-menu_lampes-container\"><ul id=\"short_menu_69eca497316de\" class=\"shortcode_menu  wpsm-menu wpsm-vertical menu_enhance  \"><li id=\"menu-item-193\" class=\"menu-item menu-item-type-post_type menu-item-object-page menu-item-193\"><a href=\"https:\/\/fred27.fr\/index.php\/lampes\/lampe-vero\/\">Lampe V\u00e9ro<\/a><\/li>\n<li id=\"menu-item-190\" class=\"menu-item menu-item-type-post_type menu-item-object-page menu-item-190\"><a href=\"https:\/\/fred27.fr\/index.php\/lampes\/lampe-thomas\/\">Lampe Thomas<\/a><\/li>\n<li id=\"menu-item-192\" class=\"menu-item menu-item-type-post_type menu-item-object-page menu-item-192\"><a href=\"https:\/\/fred27.fr\/index.php\/lampes\/lustre-bouquet\/\">Lustre bouquet<\/a><\/li>\n<li id=\"menu-item-191\" class=\"menu-item menu-item-type-post_type menu-item-object-page menu-item-191\"><a href=\"https:\/\/fred27.fr\/index.php\/lampes\/lustre-sylvie\/\">Lustre Sylvie<\/a><\/li>\n<li id=\"menu-item-189\" class=\"menu-item menu-item-type-post_type menu-item-object-page menu-item-189\"><a href=\"https:\/\/fred27.fr\/index.php\/lampes\/lustre-coussin\/\">Lustre Coussin<\/a><\/li>\n<li id=\"menu-item-273\" class=\"menu-item menu-item-type-post_type menu-item-object-page menu-item-273\"><a href=\"https:\/\/fred27.fr\/index.php\/lampes\/applique-thomas\/\">Applique Thomas<\/a><\/li>\n<\/ul><\/div><div class=\"clear\"><\/div>\n\t\t\t<style>\n\t\t\t\t#short_menu_69eca497316de {  }\n\t\t\t\t#short_menu_69eca497316de ul.wpsm-arrow-enabled:before { color:rgba(0,0,0,0.8); } \n\t\t\t\t#short_menu_69eca497316de ul, #short_menu_69eca497316de ul ul { background: rgba(0,0,0,0.8); }\n\t\t\t\t#short_menu_69eca497316de a {  }\n\t\t\t\t#short_menu_69eca497316de a:hover {  }\n\t\t\t\t#short_menu_69eca497316de ul a { color:#e0e0e0;  }\n\t\t\t\t#short_menu_69eca497316de ul a:hover { color:#ffffff;  }\n\t\t\t\t\n\t\t\t<\/style>\n\t\t\t<script type=\"text\/javascript\">\n\t\t\t\tvar show_arrow = \"true\";<\/script>\n\n\n\n<p><\/p>\n","protected":false},"excerpt":{"rendered":"<p>Quelques lampes cr\u00e9\u00e9es pour r\u00e9pondre \u00e0 une envie de faire, une commande d&rsquo;amie, ou un besoin d&rsquo;\u00e9clairage !<\/p>\n","protected":false},"author":8,"featured_media":129,"parent":0,"menu_order":0,"comment_status":"closed","ping_status":"closed","template":"","meta":{"footnotes":""},"class_list":["post-101","page","type-page","status-publish","has-post-thumbnail","hentry"],"_links":{"self":[{"href":"https:\/\/fred27.fr\/index.php\/wp-json\/wp\/v2\/pages\/101","targetHints":{"allow":["GET"]}}],"collection":[{"href":"https:\/\/fred27.fr\/index.php\/wp-json\/wp\/v2\/pages"}],"about":[{"href":"https:\/\/fred27.fr\/index.php\/wp-json\/wp\/v2\/types\/page"}],"author":[{"embeddable":true,"href":"https:\/\/fred27.fr\/index.php\/wp-json\/wp\/v2\/users\/8"}],"replies":[{"embeddable":true,"href":"https:\/\/fred27.fr\/index.php\/wp-json\/wp\/v2\/comments?post=101"}],"version-history":[{"count":7,"href":"https:\/\/fred27.fr\/index.php\/wp-json\/wp\/v2\/pages\/101\/revisions"}],"predecessor-version":[{"id":219,"href":"https:\/\/fred27.fr\/index.php\/wp-json\/wp\/v2\/pages\/101\/revisions\/219"}],"wp:featuredmedia":[{"embeddable":true,"href":"https:\/\/fred27.fr\/index.php\/wp-json\/wp\/v2\/media\/129"}],"wp:attachment":[{"href":"https:\/\/fred27.fr\/index.php\/wp-json\/wp\/v2\/media?parent=101"}],"curies":[{"name":"wp","href":"https:\/\/api.w.org\/{rel}","templated":true}]}}